{"id":3569,"date":"2026-04-08T20:45:32","date_gmt":"2026-04-08T23:45:32","guid":{"rendered":"https:\/\/anibalsilveira.org\/?page_id=3569"},"modified":"2026-04-08T20:47:24","modified_gmt":"2026-04-08T23:47:24","slug":"programa-social","status":"publish","type":"page","link":"https:\/\/anibalsilveira.org\/fr\/programa-social\/","title":{"rendered":"Programa social"},"content":{"rendered":"<p>O Instituto An\u00edbal Silveira desenvolve um programa social de aten\u00e7\u00e3o psicossocial, de baixo custo, conduzido por uma esquipe multiprofissional. O programa \u00e9 implementado por meio de um processo de acompanhamento quinzenal denominado Grupo de Refer\u00eancia. A base te\u00f3rica e t\u00e9cnica desse processo grupal pode ser compreendida com a leitura do arquivo anexado abaixo.<\/p>\n\n\n\n<p>O trabalho grupal ocorre quinzenalmente, sempre \u00e0s quartas feiras, utilizando o aplicativo Zoom.<\/p>\n\n\n\n<p>O custo mensal \u00e9 de R$150,00.&nbsp; As pessoas que fazem uso de medica\u00e7\u00e3o ser\u00e3o avaliadas, quanto ao desempenho da abordagem medicamentosa, no bojo do processo grupal, com meta de desmedicaliza\u00e7\u00e3o progressiva. A minha experi\u00eancia cl\u00ednica demonstrou que o Grupo de Refer\u00eancia atinge o seu objetivo de fortalecimento da autonomia, da disposi\u00e7\u00e3o e harmonia ps\u00edquica em 1 ano. Ap\u00f3s esse tempo as pessoas podem continuar o &#8220;sentir-se bem juntos&#8221; na forma de amizade e, portanto, j\u00e1 fora do processo grupal terap\u00eautico.<\/p>\n\n\n\n<p>As pessoas interessadas devem entrar em contato com a Secretaria do Instituto pelo Tel\/Zap: (19) 994728817. Ap\u00f3s o contato, cada interessado receber\u00e1 uma ficha de inscri\u00e7\u00e3o pelo WhatsApp. Os inscritos ser\u00e3o agrupados no Grupo de Refer\u00eancia selecionado (pelo hor\u00e1rio). Os Grupos ser\u00e3o realizados \u00e0s quartas feiras com 3 hor\u00e1rios dispon\u00edveis: 10-12, 14-16, 17:30-19 hs.<\/p>\n\n\n\n<p>Os Grupos ter\u00e3o at\u00e9 14 participantes e ser\u00e3o operacionalizados por meio do aplicativo Zoom. Todos os inscritos dever\u00e3o baixar esse aplicativo. No dia de cada encontro um link ser\u00e1 encaminhado para o Grupo de Refer\u00eancia correspondente para permitir o acesso \u00e0 sala do encontro grupal.<\/p>\n\n\n\n<p><strong>Arquivo &#8211; &nbsp; Praticas Grupais<\/strong><\/p>","protected":false},"excerpt":{"rendered":"<p>O Instituto An\u00edbal Silveira desenvolve um programa social de aten\u00e7\u00e3o psicossocial, de baixo custo, conduzido por uma esquipe multiprofissional. O programa \u00e9 implementado por meio de um processo de acompanhamento quinzenal denominado Grupo de Refer\u00eancia. A base te\u00f3rica e t\u00e9cnica desse processo grupal pode ser compreendida com a leitura do arquivo anexado abaixo. O trabalho [&hellip;]<\/p>\n","protected":false},"author":8,"featured_media":0,"parent":0,"menu_order":0,"comment_status":"closed","ping_status":"closed","template":"","meta":{"footnotes":""},"categories":[],"tags":[],"class_list":["post-3569","page","type-page","status-publish","hentry"],"_links":{"self":[{"href":"https:\/\/anibalsilveira.org\/fr\/wp-json\/wp\/v2\/pages\/3569","targetHints":{"allow":["GET"]}}],"collection":[{"href":"https:\/\/anibalsilveira.org\/fr\/wp-json\/wp\/v2\/pages"}],"about":[{"href":"https:\/\/anibalsilveira.org\/fr\/wp-json\/wp\/v2\/types\/page"}],"author":[{"embeddable":true,"href":"https:\/\/anibalsilveira.org\/fr\/wp-json\/wp\/v2\/users\/8"}],"replies":[{"embeddable":true,"href":"https:\/\/anibalsilveira.org\/fr\/wp-json\/wp\/v2\/comments?post=3569"}],"version-history":[{"count":3,"href":"https:\/\/anibalsilveira.org\/fr\/wp-json\/wp\/v2\/pages\/3569\/revisions"}],"predecessor-version":[{"id":3575,"href":"https:\/\/anibalsilveira.org\/fr\/wp-json\/wp\/v2\/pages\/3569\/revisions\/3575"}],"wp:attachment":[{"href":"https:\/\/anibalsilveira.org\/fr\/wp-json\/wp\/v2\/media?parent=3569"}],"wp:term":[{"taxonomy":"category","embeddable":true,"href":"https:\/\/anibalsilveira.org\/fr\/wp-json\/wp\/v2\/categories?post=3569"},{"taxonomy":"post_tag","embeddable":true,"href":"https:\/\/anibalsilveira.org\/fr\/wp-json\/wp\/v2\/tags?post=3569"}],"curies":[{"name":"wp","href":"https:\/\/api.w.org\/{rel}","templated":true}]}}