{"id":3578,"date":"2026-04-08T20:49:53","date_gmt":"2026-04-08T23:49:53","guid":{"rendered":"https:\/\/anibalsilveira.org\/?page_id=3578"},"modified":"2026-04-08T20:49:53","modified_gmt":"2026-04-08T23:49:53","slug":"programa-de-supervisao","status":"publish","type":"page","link":"https:\/\/anibalsilveira.org\/fr\/programa-de-supervisao\/","title":{"rendered":"Programa de Supervis\u00e3o"},"content":{"rendered":"<p>O programa de Supervis\u00e3o est\u00e1 direcionado para as equipes de dispositivos p\u00fablicos vinculados \u00e0 Rede de Aten\u00e7\u00e3o Psicossocial (RAPS\/SUS): particularmente os Centros de Aten\u00e7\u00e3o Psicossocial (CAPS IJ, CAPS Adulto e CAPS AD).&nbsp; Essa modalidade de supervis\u00e3o \u00e9 realizada em grupo quinzenal, com dura\u00e7\u00e3o de 2 horas, envolvendo a discuss\u00e3o de at\u00e9 4 casos por encontro. O grupo pode ser constitu\u00eddo por t\u00e9cnicos de um \u00fanico ou dois servi\u00e7os. O n\u00famero de participantes \u00e9 limitado a 30 t\u00e9cnicos. Essa modalidade de supervis\u00e3o grupal adota um procedimento cuja configura\u00e7\u00e3o e passo a passo \u00e9 disponibilizado por e-mail ou pelo WhatsApp (19) 994728817. O custo mensal da supervis\u00e3o \u00e9 de R$ 400,00. Se for o caso, esse custo mensal pode ser rateado entre os dois servi\u00e7os participantes: R$ 200,00\/por servi\u00e7o. &nbsp; A supervis\u00e3o grupal ser\u00e1 realizada \u00e0s segundas feiras com 5 hor\u00e1rios dispon\u00edveis: 8-10, 10-12, 13-15, 15-17, 17-19 hs, com in\u00edcio previsto para 25 de maio.<\/p>\n\n\n\n<p>As inscri\u00e7\u00f5es para o Programa de Supervis\u00e3o ser\u00e3o abertas a partir de 20 de abril. Os interessados dever\u00e3o entrar em contato com a Secretaria do Instituto pelo Tel\/Zap: (19) 994728817.<\/p>","protected":false},"excerpt":{"rendered":"<p>O programa de Supervis\u00e3o est\u00e1 direcionado para as equipes de dispositivos p\u00fablicos vinculados \u00e0 Rede de Aten\u00e7\u00e3o Psicossocial (RAPS\/SUS): particularmente os Centros de Aten\u00e7\u00e3o Psicossocial (CAPS IJ, CAPS Adulto e CAPS AD).&nbsp; Essa modalidade de supervis\u00e3o \u00e9 realizada em grupo quinzenal, com dura\u00e7\u00e3o de 2 horas, envolvendo a discuss\u00e3o de at\u00e9 4 casos por encontro. [&hellip;]<\/p>\n","protected":false},"author":8,"featured_media":0,"parent":0,"menu_order":0,"comment_status":"closed","ping_status":"closed","template":"","meta":{"footnotes":""},"categories":[],"tags":[],"class_list":["post-3578","page","type-page","status-publish","hentry"],"_links":{"self":[{"href":"https:\/\/anibalsilveira.org\/fr\/wp-json\/wp\/v2\/pages\/3578","targetHints":{"allow":["GET"]}}],"collection":[{"href":"https:\/\/anibalsilveira.org\/fr\/wp-json\/wp\/v2\/pages"}],"about":[{"href":"https:\/\/anibalsilveira.org\/fr\/wp-json\/wp\/v2\/types\/page"}],"author":[{"embeddable":true,"href":"https:\/\/anibalsilveira.org\/fr\/wp-json\/wp\/v2\/users\/8"}],"replies":[{"embeddable":true,"href":"https:\/\/anibalsilveira.org\/fr\/wp-json\/wp\/v2\/comments?post=3578"}],"version-history":[{"count":1,"href":"https:\/\/anibalsilveira.org\/fr\/wp-json\/wp\/v2\/pages\/3578\/revisions"}],"predecessor-version":[{"id":3581,"href":"https:\/\/anibalsilveira.org\/fr\/wp-json\/wp\/v2\/pages\/3578\/revisions\/3581"}],"wp:attachment":[{"href":"https:\/\/anibalsilveira.org\/fr\/wp-json\/wp\/v2\/media?parent=3578"}],"wp:term":[{"taxonomy":"category","embeddable":true,"href":"https:\/\/anibalsilveira.org\/fr\/wp-json\/wp\/v2\/categories?post=3578"},{"taxonomy":"post_tag","embeddable":true,"href":"https:\/\/anibalsilveira.org\/fr\/wp-json\/wp\/v2\/tags?post=3578"}],"curies":[{"name":"wp","href":"https:\/\/api.w.org\/{rel}","templated":true}]}}