{"id":623,"date":"2022-07-20T12:06:18","date_gmt":"2022-07-20T15:06:18","guid":{"rendered":"https:\/\/anibalsilveira.org\/?page_id=623"},"modified":"2022-11-07T17:36:05","modified_gmt":"2022-11-07T20:36:05","slug":"projeto-kleist","status":"publish","type":"page","link":"https:\/\/anibalsilveira.org\/fr\/projeto-kleist\/","title":{"rendered":"Patologia Cerebral e a Psiquiatria segundo Kleist"},"content":{"rendered":"<p><\/p>\n\n\n\n<h4 class=\"wp-block-heading\">Karl Kleist, um dos fundadores da Psiquiatria: aulas e artigos relacionados de An\u00edbal Silveira<\/h4>\n\n\n\n<h4 class=\"wp-block-heading\">Tradu\u00e7\u00e3o dos Resumos do Gehirnpathologie de Kleist (1934)<\/h4>\n\n\n\n<h4 class=\"wp-block-heading\">Gehirnpathologie de Kleist (digitalizado)<\/h4>","protected":false},"excerpt":{"rendered":"<p>Karl Kleist, um dos fundadores da Psiquiatria: aulas e artigos relacionados de An\u00edbal Silveira Tradu\u00e7\u00e3o dos Resumos do Gehirnpathologie de Kleist (1934) Gehirnpathologie de Kleist (digitalizado)<\/p>","protected":false},"author":1,"featured_media":0,"parent":0,"menu_order":0,"comment_status":"closed","ping_status":"closed","template":"","meta":{"footnotes":""},"categories":[],"tags":[],"class_list":["post-623","page","type-page","status-publish","hentry"],"_links":{"self":[{"href":"https:\/\/anibalsilveira.org\/fr\/wp-json\/wp\/v2\/pages\/623","targetHints":{"allow":["GET"]}}],"collection":[{"href":"https:\/\/anibalsilveira.org\/fr\/wp-json\/wp\/v2\/pages"}],"about":[{"href":"https:\/\/anibalsilveira.org\/fr\/wp-json\/wp\/v2\/types\/page"}],"author":[{"embeddable":true,"href":"https:\/\/anibalsilveira.org\/fr\/wp-json\/wp\/v2\/users\/1"}],"replies":[{"embeddable":true,"href":"https:\/\/anibalsilveira.org\/fr\/wp-json\/wp\/v2\/comments?post=623"}],"version-history":[{"count":5,"href":"https:\/\/anibalsilveira.org\/fr\/wp-json\/wp\/v2\/pages\/623\/revisions"}],"predecessor-version":[{"id":760,"href":"https:\/\/anibalsilveira.org\/fr\/wp-json\/wp\/v2\/pages\/623\/revisions\/760"}],"wp:attachment":[{"href":"https:\/\/anibalsilveira.org\/fr\/wp-json\/wp\/v2\/media?parent=623"}],"wp:term":[{"taxonomy":"category","embeddable":true,"href":"https:\/\/anibalsilveira.org\/fr\/wp-json\/wp\/v2\/categories?post=623"},{"taxonomy":"post_tag","embeddable":true,"href":"https:\/\/anibalsilveira.org\/fr\/wp-json\/wp\/v2\/tags?post=623"}],"curies":[{"name":"wp","href":"https:\/\/api.w.org\/{rel}","templated":true}]}}