{"id":688,"date":"2022-11-04T16:18:47","date_gmt":"2022-11-04T19:18:47","guid":{"rendered":"https:\/\/anibalsilveira.org\/?page_id=688"},"modified":"2024-06-18T20:39:02","modified_gmt":"2024-06-18T23:39:02","slug":"artigos-publicados-de-anibal-silveira-alusivos-a-teoria-da-personalidade","status":"publish","type":"page","link":"https:\/\/anibalsilveira.org\/fr\/artigos-publicados-de-anibal-silveira-alusivos-a-teoria-da-personalidade\/","title":{"rendered":"Artigos publicados de An\u00edbal Silveira alusivos \u00e0 Teoria Sociol\u00f3gica da Personalidade."},"content":{"rendered":"<p class=\"has-text-align-right\"><strong>Organizadores:<\/strong><\/p>\n\n\n\n<p class=\"has-text-align-right\"><strong>Fl\u00e1vio Vivacqua<\/strong><\/p>\n\n\n\n<p class=\"has-text-align-right\"><strong>Francisco Drumond Marcondes de Moura<\/strong><\/p>\n\n\n\n<p class=\"has-text-align-right\"><strong>Paulo Palladini<\/strong><\/p>\n\n\n\n<p class=\"has-text-align-right\"><strong>Roberto Fasano Neto<\/strong><\/p>\n\n\n\n<p>Esta colet\u00e2nea de textos de An\u00edbal Silveira foi organizada e sistematizada a partir da an\u00e1lise do conjunto de seus artigos publicados, incorporando tamb\u00e9m resumos de trabalhos apresentados em Congressos, no per\u00edodo de 1935 a 1979. &nbsp;<\/p>\n\n\n\n<h2 class=\"wp-block-heading\"><strong>Sum\u00e1rio dos Artigos e Resumos de Trabalhos<\/strong><\/h2>\n\n\n\n<ol class=\"wp-block-list\">\n<li><a href=\"https:\/\/anibalsilveira.org\/sindrome-do-lobo-frontal\/\"><strong>Syndromo do lobo frontal (1934)<\/strong><\/a><\/li>\n\n\n\n<li><a href=\"https:\/\/anibalsilveira.org\/as-funcoes-do-lobo-frontalanibal-silveira\/\"><strong>As fun\u00e7\u00f5es do lobo frontal (1935)<\/strong><\/a><\/li>\n\n\n\n<li><a href=\"https:\/\/anibalsilveira.org\/lesoes-casuais-e-lesoes-sistematicas-do-cerebro-nas-doencas-mentaisanibal-silveira\/\"><strong>Les\u00f5es casuais e les\u00f5es sistem\u00e1ticas do c\u00e9rebro (1937)<\/strong><\/a><\/li>\n\n\n\n<li><a href=\"https:\/\/anibalsilveira.org\/das-leis-estaticas-e-din-micas-da-inteligencia-aplicacao-a-patologia-mentalanibal-silveira\/\"><strong>Das leis est\u00e1ticas e din\u00e2micas da intelig\u00eancia (1937)<\/strong><\/a><\/li>\n\n\n\n<li><a href=\"https:\/\/anibalsilveira.org\/sistemas-cerebrais-na-patogenese-das-psicoses-endogenasanibal-silveira\/\"><strong>Sistemas cerebrais na patog\u00eanese das psicoses end\u00f3genas (1962)<\/strong><\/a><\/li>\n\n\n\n<li><a href=\"https:\/\/anibalsilveira.org\/psicologia-fisiologicaanibal-silveira\/\"><strong>Psicologia fisiol\u00f3gica (1966)<\/strong><\/a><\/li>\n\n\n\n<li><a href=\"https:\/\/anibalsilveira.org\/disturbios-locais-e-de-repercussao-de-areas-occipitais\/\"><strong>Dist\u00farbios locais e de repercuss\u00e3o de \u00e1reas occipitais (1970)<\/strong><\/a><\/li>\n\n\n\n<li><a href=\"https:\/\/anibalsilveira.org\/parieto-temporal-regulation-of-frontal-lobe-functions\/\"><strong>Parieto-temporal regulation of frontal lobe functions (1977)<\/strong><\/a><\/li>\n\n\n\n<li><a href=\"https:\/\/anibalsilveira.org\/psychoneurological-dynamisms-of-counscioussness\/\"><strong>Psychoneurological dynamisms of counscioussness (1978)<\/strong><\/a><\/li>\n\n\n\n<li><a href=\"https:\/\/anibalsilveira.org\/a-sociological-theory-of-personality-comtes-1850\/\"><strong>A sociological theory of personality: Comte&#8217;s, 1850 (1978)<\/strong><\/a><\/li>\n\n\n\n<li><a href=\"https:\/\/anibalsilveira.org\/dynamics-of-mental-development-as-attended-by-brain-structures-maturation\/\"><strong>Dynamics of mental developments as attended by\u2019brain structures maturation(1978)<\/strong><\/a><\/li>\n<\/ol>","protected":false},"excerpt":{"rendered":"<p>Organizadores: Fl\u00e1vio Vivacqua Francisco Drumond Marcondes de Moura Paulo Palladini Roberto Fasano Neto Esta colet\u00e2nea de textos de An\u00edbal Silveira foi organizada e sistematizada a partir da an\u00e1lise do conjunto de seus artigos publicados, incorporando tamb\u00e9m resumos de trabalhos apresentados em Congressos, no per\u00edodo de 1935 a 1979. &nbsp; Sum\u00e1rio dos Artigos e Resumos de [&hellip;]<\/p>\n","protected":false},"author":1,"featured_media":0,"parent":0,"menu_order":0,"comment_status":"closed","ping_status":"closed","template":"templates\/template-full-width.php","meta":{"footnotes":""},"categories":[],"tags":[],"class_list":["post-688","page","type-page","status-publish","hentry"],"_links":{"self":[{"href":"https:\/\/anibalsilveira.org\/fr\/wp-json\/wp\/v2\/pages\/688","targetHints":{"allow":["GET"]}}],"collection":[{"href":"https:\/\/anibalsilveira.org\/fr\/wp-json\/wp\/v2\/pages"}],"about":[{"href":"https:\/\/anibalsilveira.org\/fr\/wp-json\/wp\/v2\/types\/page"}],"author":[{"embeddable":true,"href":"https:\/\/anibalsilveira.org\/fr\/wp-json\/wp\/v2\/users\/1"}],"replies":[{"embeddable":true,"href":"https:\/\/anibalsilveira.org\/fr\/wp-json\/wp\/v2\/comments?post=688"}],"version-history":[{"count":14,"href":"https:\/\/anibalsilveira.org\/fr\/wp-json\/wp\/v2\/pages\/688\/revisions"}],"predecessor-version":[{"id":2561,"href":"https:\/\/anibalsilveira.org\/fr\/wp-json\/wp\/v2\/pages\/688\/revisions\/2561"}],"wp:attachment":[{"href":"https:\/\/anibalsilveira.org\/fr\/wp-json\/wp\/v2\/media?parent=688"}],"wp:term":[{"taxonomy":"category","embeddable":true,"href":"https:\/\/anibalsilveira.org\/fr\/wp-json\/wp\/v2\/categories?post=688"},{"taxonomy":"post_tag","embeddable":true,"href":"https:\/\/anibalsilveira.org\/fr\/wp-json\/wp\/v2\/tags?post=688"}],"curies":[{"name":"wp","href":"https:\/\/api.w.org\/{rel}","templated":true}]}}