{"id":697,"date":"2022-11-04T17:50:15","date_gmt":"2022-11-04T20:50:15","guid":{"rendered":"https:\/\/anibalsilveira.org\/?page_id=697"},"modified":"2024-07-01T17:55:37","modified_gmt":"2024-07-01T20:55:37","slug":"bibliografia-correlata-referenciada-na-abordagem-de-anibal-silveira","status":"publish","type":"page","link":"https:\/\/anibalsilveira.org\/fr\/bibliografia-correlata-referenciada-na-abordagem-de-anibal-silveira\/","title":{"rendered":"Bibliografia correlata referenciada na abordagem de An\u00edbal Silveira"},"content":{"rendered":"<p class=\"has-text-align-right\"><strong>Organizadores:<\/strong><\/p>\n\n\n\n<p class=\"has-text-align-right\"><strong>Fl\u00e1vio Vivacqua<\/strong><\/p>\n\n\n\n<p class=\"has-text-align-right\"><strong>Francisco Drumond Marcondes de Moura<\/strong><\/p>\n\n\n\n<p class=\"has-text-align-right\"><strong>Paulo Palladini<\/strong><\/p>\n\n\n\n<p class=\"has-text-align-right\"><strong>Roberto Fasano Neto<\/strong><\/p>\n\n\n\n<p>Esta colet\u00e2nea de textos, de diferentes autores, foi selecionada e organizada a partir da an\u00e1lise do conjunto de livros, teses, artigos e resumos de trabalhos apresentados em Congressos, desde a d\u00e9cada de 60, relacionados com a Psiquiatria, cujo processo de elabora\u00e7\u00e3o foi referenciado na abordagem te\u00f3rica de An\u00edbal Silveira.<\/p>\n\n\n\n<ol class=\"wp-block-list\">\n<li><a href=\"https:\/\/anibalsilveira.org\/parafrenia-na-acepcao-de-kleist\/\"><strong>Parafrenia na acep\u00e7\u00e3o de Kleist. Estudo de 6 casos.(1976)<\/strong><\/a><\/li>\n\n\n\n<li><a href=\"https:\/\/anibalsilveira.org\/la-pesquisa-de-alteraciones-geneticas-en-la-esquizofrenia-em-correlacion-com-los-sistemas-neuroquimicos\/\"><strong>La pesquisa de alteraciones gen\u00e9ticas en la esquizofrenia, em correlaci\u00f3n com los sistemas neuroqu\u00edmicos.(1978)<\/strong><\/a><\/li>\n\n\n\n<li><a href=\"https:\/\/anibalsilveira.org\/dinamismos-psicopatologicos-envolvidos-em-um-caso-de-psicose-diatetica-discussao-patogenetica-e-implicacoes-terapeuticas\/?preview=true\"><strong>Dinamismos psicopatol\u00f3gicos envolvidos em um caso de Psicose Diat\u00e9tica. Discuss\u00e3o patogen\u00e9tica e implica\u00e7\u00f5es terap\u00eauticas.(1979)<\/strong><\/a><\/li>\n\n\n\n<li><a href=\"https:\/\/anibalsilveira.org\/importancia-epidemiologica-do-criterio-genetico-em-psiquiatria-revisao-de-9-casos-com-diagnostico-de-psicose-maniaco-depressiva\/\"><strong>Import\u00e2ncia epidemiol\u00f3gica do crit\u00e9rio gen\u00e9tico em Psiquiatria. Revis\u00e3o de 9 casos com diagn\u00f3stico de Psicose Man\u00edaco-Depressiva.(1979)<\/strong><\/a><\/li>\n\n\n\n<li><a href=\"https:\/\/anibalsilveira.org\/importancia-epidemiologica-do-criterio-genetico-em-psiquiatria-revisao-de-35-casos-com-diagnostico-de-esquizofrenia\/\"><strong>Import\u00e2ncia epidemiol\u00f3gica do crit\u00e9rio gen\u00e9tico em Psiquiatria. Revis\u00e3o de 35 casos com diagn\u00f3stico de esquizofrenia, (1980).<\/strong><\/a><\/li>\n\n\n\n<li><a href=\"https:\/\/anibalsilveira.org\/a-pesquisa-biologica-das-doencas-mentais-a-luz-da-doutrina-de-silveira\/\"><strong>A pesquisa biol\u00f3gica das doen\u00e7as mentais \u00e0 luz da doutrina de An\u00edbal Silveira, (1981).<\/strong><\/a><\/li>\n\n\n\n<li><a href=\"https:\/\/anibalsilveira.org\/estudo-clinico-do-mecanismo-de-acao-do-haloperidol-sobre-os-sistemas-cerebrais-ligados-com-a-percepcao\/\"><strong>Estudo cl\u00ednico do mecanismo de a\u00e7\u00e3o do haloperidol sobre os sistemas cerebrais ligados com a percep\u00e7\u00e3o.(1981)<\/strong><\/a><\/li>\n\n\n\n<li><a href=\"https:\/\/anibalsilveira.org\/utilizacao-da-imipramina-em-esquizofrenicos-com-acentuada-inibicao-psiquica\/\"><strong>Utiliza\u00e7\u00e3o da imipramina em esquizofr\u00eanicos com acentuada inibi\u00e7\u00e3o ps\u00edquica.(1981)<\/strong><\/a><\/li>\n\n\n\n<li><a href=\"https:\/\/anibalsilveira.org\/principios-da-pesquisa-neuropatologica-dos-dinamismos-psicopatologicos\/\"><strong>Princ\u00edpios da pesquisa neuropatol\u00f3gica dos dinamismos psicopatol\u00f3gicos.(1982)<\/strong><\/a><\/li>\n\n\n\n<li><a href=\"https:\/\/anibalsilveira.org\/distribuicao-de-tipos-sanguineos-em-esquizofrenicos-correlacao-com-a-patogenese-do-quadro-clinico\/\"><strong>Distribui\u00e7\u00e3o de tipos sangu\u00edneos em esquizofr\u00eanicos: correla\u00e7\u00e3o com a patog\u00eanese do quadro cl\u00ednico.(1982)<\/strong><\/a><\/li>\n\n\n\n<li><a href=\"https:\/\/anibalsilveira.org\/quem-ganha-com-a-loucura\/\"><strong>Quem ganha com a loucura?(1984)<\/strong><\/a><\/li>\n\n\n\n<li><a href=\"https:\/\/anibalsilveira.org\/o-juqueri-ha-saidas-i-entre-a-custodia-e-a-recuperacao-da-identidade-dos-loucos\/\"><strong>O Juqueri: h\u00e1 sa\u00eddas? I. Entre a cust\u00f3dia e a recupera\u00e7\u00e3o da identidade dos loucos.(1984)<\/strong><\/a><\/li>\n\n\n\n<li><a href=\"https:\/\/anibalsilveira.org\/o-juqueri-ha-saidas-ii-experiencia-alternativa-em-um-macroasilo\/\"><strong>O Juqueri: h\u00e1 sa\u00eddas? II. Experi\u00eancia alternativa em um macroasilo.(1984)<\/strong><\/a><\/li>\n\n\n\n<li><a href=\"https:\/\/anibalsilveira.org\/lar-abrigado-no-juqueri-um-inicio\/\"><strong>Lar Abrigado no Juqueri: um in\u00edcio, Arquivos da Coordenadoria de Sa\u00fade Mental do Estado de S\u00e3o Paulo, Vol XLIV, pp 21-29, Paulo Palladini, 1984.<\/strong><\/a><\/li>\n\n\n\n<li><strong><a href=\"https:\/\/anibalsilveira.org\/dois-anos-e-meio-de-lar-abrigado-no-juqueri\/\">Dois anos e meio de Lar Abrigado no Juqueri, 11\u00ba Congresso Mundial de Psiquiatria Social, Rio de Janeiro, Paulo Palladini, 1986.<\/a><\/strong><\/li>\n\n\n\n<li><a href=\"https:\/\/anibalsilveira.org\/aspectos-conceituais-sobre-a-producao-social-da-doenca-mental-reflexoes-preliminares\/\"><strong>Aspectos conceituais sobre a produ\u00e7\u00e3o social da doen\u00e7a mental: reflex\u00f5es preliminares.(1986)<\/strong><\/a><\/li>\n\n\n\n<li><a href=\"https:\/\/anibalsilveira.org\/a-saude-mental-do-trabalhador-relato-de-um-caso\/\"><strong>A Sa\u00fade mental do trabalhador. Relato de um caso.(1987)<\/strong><\/a><\/li>\n\n\n\n<li><a href=\"https:\/\/anibalsilveira.org\/dificuldades-metodologicas-na-apreensao-do-sofrimento-mental-de-uma-populacao-trabalhadora\/\"><strong>Dificuldades metodol\u00f3gicas na apreens\u00e3o do sofrimento mental de uma popula\u00e7\u00e3o trabalhadora.(1986)<\/strong><\/a><\/li>\n\n\n\n<li><a href=\"https:\/\/anibalsilveira.org\/bases-para-uma-reforma-psiquiatrica-brasileira\/\"><strong>Bases para uma Reforma Psiqui\u00e1trica Brasileira.(1987)<\/strong><\/a><\/li>\n\n\n\n<li><a href=\"https:\/\/anibalsilveira.org\/proposta-alternativa-de-abordagem-do-epileptico\/\"><strong>Proposta alternativa de abordagem do epil\u00e9ptico.(1987)<\/strong><\/a><\/li>\n\n\n\n<li><a href=\"https:\/\/anibalsilveira.org\/anibal-silveira-uma-homenagem-nos-10-anos-de-sua-morte\/\"><strong>An\u00edbal Silveira: uma homenagem nos 10 anos de sua morte, 1989.<\/strong><\/a><\/li>\n\n\n\n<li><strong><a href=\"https:\/\/anibalsilveira.org\/consideracoes-a-respeito-dos-processos-de-atencao-memoria-e-consciencia-segundo-as-concepcoes-de-anibal-silveira-e-aleksandr-romanovitch-luria-correlacoes-entre-as-duas-visoes\/\">Considera\u00e7\u00f5es a respeito dos processos de Aten\u00e7\u00e3o, Mem\u00f3ria e Consci\u00eancia, segundo as concep\u00e7\u00f5es de An\u00edbal Silveira e Aleksandr Romanovitch Luria \u2013 correla\u00e7\u00f5es entre as duas vis\u00f5es, Roberto Fasano Neto<\/a><\/strong><\/li>\n\n\n\n<li><a href=\"https:\/\/anibalsilveira.org\/introduccion-a-la-psicopatologia-general-segun-los-criterios-patogeneticos-de-anibal-silveira\/\"><strong>Introducci\u00f3n a la psicopatolog\u00eda general seg\u00fan los criterios patogen\u00e9ticos de An\u00edbal Silveira, Roberto Fasano, 2010<\/strong><\/a><\/li>\n\n\n\n<li><a href=\"https:\/\/anibalsilveira.org\/consideracoes-a-respeito-dos-processos-de-atencao-memoria-e-consciencia-segundo-as-concepcoes-de-anibal-silveira-e-aleksandr-romanovitch-luria\/\"><strong>Considera\u00e7\u00f5es a respeito dos processos de Aten\u00e7\u00e3o, Mem\u00f3ria e Consci\u00eancia, segundo as concep\u00e7\u00f5es de An\u00edbal Silveira e Aleksandr Romanovitch Luria \u2013 correla\u00e7\u00f5es entre as duas vis\u00f5es, Roberto Fasano Neto<\/strong><\/a><\/li>\n\n\n\n<li><strong><a href=\"https:\/\/anibalsilveira.org\/apontamentos-teoricos-e-tecnicos-para-a-investigacao-da-relacao-entre-agravos-a-saude-mental-e-o-trabalho-2024\/\">Apontamentos te\u00f3ricos e t\u00e9cnicos para a investiga\u00e7\u00e3o da rela\u00e7\u00e3o entre agravos \u00e0 sa\u00fade mental e o trabalho, 2024.<\/a><\/strong><\/li>\n<\/ol>","protected":false},"excerpt":{"rendered":"<p>Organizadores: Fl\u00e1vio Vivacqua Francisco Drumond Marcondes de Moura Paulo Palladini Roberto Fasano Neto Esta colet\u00e2nea de textos, de diferentes autores, foi selecionada e organizada a partir da an\u00e1lise do conjunto de livros, teses, artigos e resumos de trabalhos apresentados em Congressos, desde a d\u00e9cada de 60, relacionados com a Psiquiatria, cujo processo de elabora\u00e7\u00e3o foi [&hellip;]<\/p>\n","protected":false},"author":1,"featured_media":0,"parent":0,"menu_order":0,"comment_status":"closed","ping_status":"closed","template":"","meta":{"footnotes":""},"categories":[],"tags":[],"class_list":["post-697","page","type-page","status-publish","hentry"],"_links":{"self":[{"href":"https:\/\/anibalsilveira.org\/fr\/wp-json\/wp\/v2\/pages\/697","targetHints":{"allow":["GET"]}}],"collection":[{"href":"https:\/\/anibalsilveira.org\/fr\/wp-json\/wp\/v2\/pages"}],"about":[{"href":"https:\/\/anibalsilveira.org\/fr\/wp-json\/wp\/v2\/types\/page"}],"author":[{"embeddable":true,"href":"https:\/\/anibalsilveira.org\/fr\/wp-json\/wp\/v2\/users\/1"}],"replies":[{"embeddable":true,"href":"https:\/\/anibalsilveira.org\/fr\/wp-json\/wp\/v2\/comments?post=697"}],"version-history":[{"count":63,"href":"https:\/\/anibalsilveira.org\/fr\/wp-json\/wp\/v2\/pages\/697\/revisions"}],"predecessor-version":[{"id":2755,"href":"https:\/\/anibalsilveira.org\/fr\/wp-json\/wp\/v2\/pages\/697\/revisions\/2755"}],"wp:attachment":[{"href":"https:\/\/anibalsilveira.org\/fr\/wp-json\/wp\/v2\/media?parent=697"}],"wp:term":[{"taxonomy":"category","embeddable":true,"href":"https:\/\/anibalsilveira.org\/fr\/wp-json\/wp\/v2\/categories?post=697"},{"taxonomy":"post_tag","embeddable":true,"href":"https:\/\/anibalsilveira.org\/fr\/wp-json\/wp\/v2\/tags?post=697"}],"curies":[{"name":"wp","href":"https:\/\/api.w.org\/{rel}","templated":true}]}}