{"id":707,"date":"2022-11-04T17:56:27","date_gmt":"2022-11-04T20:56:27","guid":{"rendered":"https:\/\/anibalsilveira.org\/?page_id=707"},"modified":"2024-07-16T19:46:32","modified_gmt":"2024-07-16T22:46:32","slug":"artigos-de-anibal-silveira-relacionados-com-o-campo-da-psiquiatria","status":"publish","type":"page","link":"https:\/\/anibalsilveira.org\/fr\/artigos-de-anibal-silveira-relacionados-com-o-campo-da-psiquiatria\/","title":{"rendered":"Artigos de An\u00edbal Silveira relacionados com o campo da Psiquiatria"},"content":{"rendered":"<p class=\"has-text-align-right\"><strong>Organizadores<\/strong><\/p>\n\n\n\n<p class=\"has-text-align-right\"><strong>Fl\u00e1vio Vivacqua<\/strong><\/p>\n\n\n\n<p class=\"has-text-align-right\"><strong>Francisco Drumond Marcondes de Moura<\/strong><\/p>\n\n\n\n<p class=\"has-text-align-right\"><strong>Paulo PalladinI<\/strong><\/p>\n\n\n\n<p class=\"has-text-align-right\"><strong>Roberto Fasano Neto<\/strong><\/p>\n\n\n\n<p>Esta colet\u00e2nea de textos foi organizada e sistematizada tendo como ponto de partida a an\u00e1lise do conjunto dos artigos publicados de An\u00edbal Silveira, incorporando tamb\u00e9m resumos de seus trabalhos apresentados em Congressos, no per\u00edodo de 1935 a 1979. \u00a0<\/p>\n\n\n\n<h2 class=\"wp-block-heading\"><strong>Sum\u00e1rio dos Artigos e dos Resumos de Trabalhos<\/strong><\/h2>\n\n\n\n<h4 class=\"wp-block-heading\"><strong><span style=\"text-decoration: underline;\">Artigos Principais<\/span><\/strong><sup data-fn=\"56b2f5b1-7455-4658-8837-9b886828b915\" class=\"fn\"><a href=\"#56b2f5b1-7455-4658-8837-9b886828b915\" id=\"56b2f5b1-7455-4658-8837-9b886828b915-link\">1<\/a><\/sup><strong><span style=\"text-decoration: underline;\">:<\/span><\/strong><\/h4>\n\n\n\n<ol class=\"wp-block-list\">\n<li><a href=\"https:\/\/anibalsilveira.org\/sindrome-do-lobo-frontal\/\">S\u00edndrome do lobo frontal<\/a><\/li>\n\n\n\n<li><a href=\"https:\/\/anibalsilveira.org\/as-funcoes-do-lobo-frontalanibal-silveira\/\">As fun\u00e7\u00f5es do lobo frontal<\/a><\/li>\n\n\n\n<li><a href=\"https:\/\/anibalsilveira.org\/lesoes-casuais-e-lesoes-sistematicas-do-cerebro-nas-doencas-mentaisanibal-silveira\/\">Les\u00f5es casuais e les\u00f5es sistem\u00e1ticas do c\u00e9rebro<\/a><\/li>\n\n\n\n<li><a href=\"https:\/\/anibalsilveira.org\/das-leis-estaticas-e-din-micas-da-inteligencia-aplicacao-a-patologia-mentalanibal-silveira\/\">Das leis est\u00e1ticas e din\u00e2micas da intelig\u00eancia<\/a><\/li>\n\n\n\n<li><strong>Campos arquitet\u00f4nicos do lobo frontal. Fun\u00e7\u00f5es da intelig\u00eancia.<\/strong><\/li>\n\n\n\n<li><strong>Import\u00e2ncia das concep\u00e7\u00f5es localizat\u00f3rias para neuropsiquiatria e interven\u00e7\u00e3o no c\u00e9rebro<\/strong><\/li>\n\n\n\n<li><strong>Contribui\u00e7\u00e3o para o conceito organol\u00f3gico em Psiquiatria.<\/strong><\/li>\n\n\n\n<li><strong>Import\u00e2ncia dos feixes intracerebrais para o dinamismo psicopatol\u00f3gico<\/strong><\/li>\n\n\n\n<li><strong>Contribui\u00e7\u00e3o para a semiologia psiqui\u00e1trica: a pneumoenc\u00e9falografia\u00a0<\/strong><\/li>\n\n\n\n<li><strong>Clinical localization of cerebral function: local and indirect syndromes of the frontal Lobe<\/strong><\/li>\n\n\n\n<li><strong>Caracteriza\u00e7\u00e3o da patologia cerebral, da psicopatologia e da heredopat\u00f3logica\u00a0 em Kleist.<\/strong><\/li>\n\n\n\n<li><strong>Expectativas e perspectivas futuras. Possibilidades de pesquisa na \u00e1rea de personalidade.<\/strong><\/li>\n\n\n\n<li><strong>O aspecto cl\u00ednico das localiza\u00e7\u00f5es cerebrais.<\/strong>\u00a0<\/li>\n\n\n\n<li><strong>Sindrome do automatismo mental de Clerambault<\/strong><\/li>\n\n\n\n<li><strong>Sindrome de automatismo mental de Clerambault. Observa\u00e7\u00f5es cl\u00ednicas e coment\u00e1rios.<\/strong><\/li>\n\n\n\n<li><strong>Valor semiol\u00f3gico do automatismo mental de Clerambault<\/strong><\/li>\n\n\n\n<li><strong>Heredopatologia no dom\u00ednio das doen\u00e7as mentais.<\/strong><\/li>\n\n\n\n<li><strong>O aspecto heredol\u00f3gico na classifica\u00e7\u00e3o das doen\u00e7as mentais<\/strong><\/li>\n\n\n\n<li><strong>Acep\u00e7\u00e3o de semiologia no dom\u00ednio das doen\u00e7as mentais<\/strong><\/li>\n\n\n\n<li><strong>Problems common to children and their parents, as detected in a health clinic.<\/strong><\/li>\n\n\n\n<li><a href=\"https:\/\/anibalsilveira.org\/sistemas-cerebrais-na-patogenese-das-psicoses-endogenasanibal-silveira\/\">Sistemas cerebrais na patog\u00eanese das psicoses end\u00f3genas<\/a><\/li>\n\n\n\n<li><a href=\"https:\/\/anibalsilveira.org\/psicologia-fisiologicaanibal-silveira\/\">Psicologia fisiol\u00f3gica<\/a><\/li>\n\n\n\n<li><a href=\"https:\/\/anibalsilveira.org\/disturbios-locais-e-de-repercussao-de-areas-occipitais\/\">Dist\u00farbios locais e de repercuss\u00e3o de \u00e1reas occipitais<\/a><\/li>\n\n\n\n<li><a href=\"https:\/\/anibalsilveira.org\/parieto-temporal-regulation-of-frontal-lobe-functions\/\">Parieto-temporal regulation of frontal lobe functions<\/a><\/li>\n\n\n\n<li><a href=\"https:\/\/anibalsilveira.org\/psychoneurological-dynamisms-of-counscioussness\/\">Psychoneurological dynamisms of counscioussness<\/a><\/li>\n\n\n\n<li><a href=\"https:\/\/anibalsilveira.org\/a-sociological-theory-of-personality-comtes-1850\/\">A sociological theory of personality: Comte\u2019s, 1850<\/a><\/li>\n\n\n\n<li><a href=\"https:\/\/anibalsilveira.org\/dynamics-of-mental-development-as-attended-by-brain-structures-maturation\/\">Dynamics of mental developments as attended by\u2019brain structures maturation<\/a><\/li>\n\n\n\n<li><strong>Diagn\u00f3stico diferencial entre as psicoses pr\u00e9-senis e senis<\/strong><\/li>\n\n\n\n<li><strong>Human genetics as an approach to the classification of mental diseases\u00a0<\/strong><\/li>\n\n\n\n<li><strong>Esquizofrenias e psicoses degenerativas de Kleist. Patogenia e psicopatologia diferenciais.<\/strong><\/li>\n\n\n\n<li><strong>Aspectos gerais da nosologia psiqui\u00e1trica<\/strong><\/li>\n\n\n\n<li><strong>Pathogenic dynamisms in mental conditions from the genetic standpoint\u00a0<\/strong><\/li>\n\n\n\n<li><strong>Inten\u00e7\u00e3o epidemiol\u00f3gica no estudo da patog\u00eanese em Psiquiatria<\/strong><\/li>\n\n\n\n<li><strong>Conceitua\u00e7\u00e3o de esquizofrenia<\/strong><\/li>\n\n\n\n<li><strong>Symbolization, as end result of cognitive-emotional integration<\/strong><\/li>\n\n\n\n<li><a href=\"https:\/\/anibalsilveira.org\/personality-traits-and-related-conditions-for-the-assessment-of-genetic-circles\/\">Personality traits and related conditions, for the assessment of genetic circles<\/a><\/li>\n\n\n\n<li><strong>Psicopato<\/strong><strong>l<\/strong><strong>ogia dos <\/strong><strong>del\u00edrios<\/strong><\/li>\n\n\n\n<li><strong>Divis\u00e3o da esquizofrenia em formas distintas. Bases patog\u00eanicas<\/strong><\/li>\n\n\n\n<li><a href=\"https:\/\/anibalsilveira.org\/quadros-clinicos-ligados-ao-alcoolismo-2\/\" data-type=\"page\" data-id=\"2494\"><strong>Quadros clinicos ligados ao alcoolismo<\/strong><\/a><\/li>\n\n\n\n<li><strong>Conceito de alcoolismo cr\u00f4nico<\/strong><\/li>\n<\/ol>\n\n\n\n<h4 class=\"wp-block-heading\"><strong><span style=\"text-decoration: underline;\">Artigos Suplementares:<\/span><\/strong><\/h4>\n\n\n\n<ul class=\"wp-block-list\">\n<li><strong>Tumor do \u00e2ngulo ponto-cerebelar com estase pupilar tardia<\/strong><\/li>\n\n\n\n<li><strong>Homicidio como rea\u00e7\u00e3o psicop\u00e1tica em uma septuagen\u00e1ria com les\u00e3o cerebral org\u00e2nica\u00a0<\/strong><\/li>\n\n\n\n<li><strong>Rea\u00e7\u00e3o antissocial prodr\u00f4mica de encefalite. Considera\u00e7\u00f5es cl\u00ednicas de ordem localizat\u00f3ria<\/strong><\/li>\n\n\n\n<li><strong>Tumor cerebral da fossa anterior (meningioma paramediano) em doente sexagen\u00e1rio.\u00a0<\/strong><\/li>\n\n\n\n<li><strong>Pervers\u00e3o de instintos e do car\u00e1ter, consequente a encefalite epid\u00eamica na inf\u00e2ncia.<\/strong><\/li>\n\n\n\n<li><strong>Altera\u00e7\u00f5es n\u00e3o meta-lu\u00e9ticas do l\u00edquido c\u00e9falo-raquidiano em doentes mentais.<\/strong><\/li>\n\n\n\n<li><strong>Functional organization of the cortex of primates<\/strong><\/li>\n\n\n\n<li><strong>Sindromo frontal orbit\u00e1rio e sintomas cerebelares<\/strong><\/li>\n\n\n\n<li><strong>Interpreta\u00e7\u00e3o da imagem cortical na pneumoenc\u00e9falografia.<\/strong><\/li>\n\n\n\n<li><strong>Localiza\u00e7\u00e3o funcional cl<\/strong><strong>\u00ed<\/strong><strong>nica e pneumoencefalogr\u00e1fica de dist\u00farbios psiqui\u00e1tricos.<\/strong><\/li>\n\n\n\n<li><strong>L&#8217;electroencephalographie in Psychiatrie<\/strong><\/li>\n\n\n\n<li><strong>Contribui\u00e7\u00e3o da pneumoenc\u00e9falografia para o estudo das localiza\u00e7\u00f5es cerebrais.<\/strong><\/li>\n\n\n\n<li><strong>Pneumo-encephalografie.<\/strong><\/li>\n\n\n\n<li><strong>Bicenten\u00e1rio de Gall e sesquicenten\u00e1rio da Mem\u00f3ria sobre o sistema nervoso.<\/strong><\/li>\n\n\n\n<li><strong>Celso Pereira da Silva.<\/strong><\/li>\n\n\n\n<li><strong>Oskar Vogt.<\/strong><\/li>\n\n\n\n<li><strong>Afasia Nominal.<\/strong><\/li>\n\n\n\n<li><strong>Encefa<\/strong><strong>l<\/strong><strong>ites psic\u00f3ticas de Marchand. A prop\u00f3sito de um caso m\u00e9dico-legal<\/strong><\/li>\n\n\n\n<li><strong>A classifica\u00e7\u00e3o nacional das doen\u00e7as mentais. Sugest\u00f5es para a revis\u00e3o<\/strong><\/li>\n\n\n\n<li><strong>Sugest\u00f5es para a classifica\u00e7\u00e3o psiqui\u00e1trica brasileira.<\/strong><\/li>\n\n\n\n<li><strong>Diagn\u00f3stico diferencial a prop\u00f3sito de um neur\u00f3tico obsessivo com arteriosclerose cerebral<\/strong><\/li>\n\n\n\n<li><strong>Aplica\u00e7\u00e3o da gen\u00e9tica humana \u00e0 higiene mental. Revis\u00e3o de 300 matriculas do CS Santana.<\/strong><\/li>\n\n\n\n<li><strong>Twining and epileptoid traits: a research on 2.060 counseless of a health clinic.<\/strong><\/li>\n\n\n\n<li><strong>Alguns registros cl\u00ednicos de inter\u00easse gen\u00e9tico nos Centros de Saude de S\u00e3o Paulo.<\/strong><\/li>\n\n\n\n<li><strong>Leucoencefalose centrolobar infantil<\/strong><\/li>\n\n\n\n<li><strong>Prof. Karl Leonhard.<\/strong><\/li>\n\n\n\n<li><strong>Peromielia em graus diversos.<\/strong><\/li>\n\n\n\n<li><strong>Amielia e tra\u00e7os epilept\u00f3ides<\/strong><\/li>\n\n\n\n<li><strong>Sindactilia.<\/strong><\/li>\n\n\n\n<li><strong>Combined psycho and drugtherapy for neurotics belonging in the epileptoid genetic circle.<\/strong><\/li>\n\n\n\n<li><strong>Microftalmo unilateral.<\/strong><\/li>\n\n\n\n<li><strong>O Servi\u00e7o de Higiene Mental no CS Santana. Dados obtidos em 200 matr\u00edculas consecutivas<\/strong><\/li>\n<\/ul>\n\n\n<ol class=\"wp-block-footnotes\"><li id=\"56b2f5b1-7455-4658-8837-9b886828b915\">Titulos en Negrito est\u00e3o sendo preparados pela Comiss\u00e3o de  Revis\u00e3o para postagem em breve <a href=\"#56b2f5b1-7455-4658-8837-9b886828b915-link\" aria-label=\"Aller \u00e0 la note de bas de page 1\">\u21a9\ufe0e<\/a><\/li><\/ol>","protected":false},"excerpt":{"rendered":"<p>Organizadores Fl\u00e1vio Vivacqua Francisco Drumond Marcondes de Moura Paulo PalladinI Roberto Fasano Neto Esta colet\u00e2nea de textos foi organizada e sistematizada tendo como ponto de partida a an\u00e1lise do conjunto dos artigos publicados de An\u00edbal Silveira, incorporando tamb\u00e9m resumos de seus trabalhos apresentados em Congressos, no per\u00edodo de 1935 a 1979. \u00a0 Sum\u00e1rio dos Artigos [&hellip;]<\/p>\n","protected":false},"author":1,"featured_media":0,"parent":0,"menu_order":0,"comment_status":"closed","ping_status":"closed","template":"templates\/template-full-width.php","meta":{"footnotes":"[{\"content\":\"Titulos en Negrito est\u00e3o sendo preparados pela Comiss\u00e3o de  Revis\u00e3o para postagem em breve\",\"id\":\"56b2f5b1-7455-4658-8837-9b886828b915\"}]"},"categories":[],"tags":[],"class_list":["post-707","page","type-page","status-publish","hentry"],"_links":{"self":[{"href":"https:\/\/anibalsilveira.org\/fr\/wp-json\/wp\/v2\/pages\/707","targetHints":{"allow":["GET"]}}],"collection":[{"href":"https:\/\/anibalsilveira.org\/fr\/wp-json\/wp\/v2\/pages"}],"about":[{"href":"https:\/\/anibalsilveira.org\/fr\/wp-json\/wp\/v2\/types\/page"}],"author":[{"embeddable":true,"href":"https:\/\/anibalsilveira.org\/fr\/wp-json\/wp\/v2\/users\/1"}],"replies":[{"embeddable":true,"href":"https:\/\/anibalsilveira.org\/fr\/wp-json\/wp\/v2\/comments?post=707"}],"version-history":[{"count":15,"href":"https:\/\/anibalsilveira.org\/fr\/wp-json\/wp\/v2\/pages\/707\/revisions"}],"predecessor-version":[{"id":2979,"href":"https:\/\/anibalsilveira.org\/fr\/wp-json\/wp\/v2\/pages\/707\/revisions\/2979"}],"wp:attachment":[{"href":"https:\/\/anibalsilveira.org\/fr\/wp-json\/wp\/v2\/media?parent=707"}],"wp:term":[{"taxonomy":"category","embeddable":true,"href":"https:\/\/anibalsilveira.org\/fr\/wp-json\/wp\/v2\/categories?post=707"},{"taxonomy":"post_tag","embeddable":true,"href":"https:\/\/anibalsilveira.org\/fr\/wp-json\/wp\/v2\/tags?post=707"}],"curies":[{"name":"wp","href":"https:\/\/api.w.org\/{rel}","templated":true}]}}