{"id":835,"date":"2024-01-29T21:06:23","date_gmt":"2024-01-30T00:06:23","guid":{"rendered":"https:\/\/anibalsilveira.org\/?page_id=835"},"modified":"2024-04-16T19:23:01","modified_gmt":"2024-04-16T22:23:01","slug":"programa-de-formacao-avancada","status":"publish","type":"page","link":"https:\/\/anibalsilveira.org\/fr\/programa-de-formacao-avancada\/","title":{"rendered":"Programa Avan\u00e7ado de Forma\u00e7\u00e3o e de Supervis\u00e3o"},"content":{"rendered":"<p>O Programa Avan\u00e7ado de Forma\u00e7\u00e3o e de Supervis\u00e3o \u00e9 direcionado para aqueles profissionais que manifestem interesse em aprofundar o conhecimento sobre a Teoria Sociol\u00f3gica da Personalidade e sobre a Psiquiatria Sociol\u00f3gica. Esse Programa n\u00e3o \u00e9 de acesso gratuito, devendo os interessados se associarem ao CEPAS.<\/p>\n\n\n\n<ul class=\"wp-block-list\"><li>O Programa articula a atividade de forma\u00e7\u00e3o com a de supervis\u00e3o. As atividades de forma\u00e7\u00e3o\/supervis\u00e3o s\u00e3o semanais. A dura\u00e7\u00e3o de cada encontro ser\u00e1 de 2:20 hs: sendo 1 hora para a apresenta\u00e7\u00e3o da aula e 1:20 hs para discuss\u00e3o de dois casos.<\/li><li>A fase de forma\u00e7\u00e3o expressa um conjunto de 20 aulas, sendo 10 aulas sobre a Teoria Sociol\u00f3gica da Personalidade e 10 aulas sobre a Psiquiatria Sociol\u00f3gica.<\/li><li>Haver\u00e1 um limite de 8 profissionais por turma, em decorr\u00eancia da necessidade de garantir o tempo necess\u00e1rio para a supervis\u00e3o semanal de 2 casos por turma. Dessa forma ser\u00e1 garantida a supervis\u00e3o de 1 caso por aluno, por m\u00eas.&nbsp;<\/li><li>Ap\u00f3s a conclus\u00e3o do conjunto de 10 aulas sobre a Teoria Sociol\u00f3gica da Personalidade e das 10 aulas sobre a Psiquiatria Sociol\u00f3gica todo o tempo ser\u00e1 focado na supervis\u00e3o.&nbsp;<\/li><li>\u00c9 importante assinalar que a supervis\u00e3o, em \u00faltima an\u00e1lise, traduz a aplica\u00e7\u00e3o dos fundamentos te\u00f3ricos abordados nas aulas. Dessa forma, o processo de supervis\u00e3o vai retomar continuadamente a discuss\u00e3o dos fundamentos te\u00f3ricos.<\/li><li>\u00c9 nessa perspectiva da rela\u00e7\u00e3o dial\u00e9tica da pr\u00e1tica com a teoria que consideramos residir a principal ferramenta de consolidar a forma\u00e7\u00e3o.&nbsp;&nbsp;<\/li><li>Cada Turma vai compor um Grupo no WhatsApp. Cada aula ter\u00e1 um texto de refer\u00eancia que ser\u00e1 compartilhado no Grupo.<\/li><li>O Programa ser\u00e1 implementado em uma atividade semanal \u00e0 dist\u00e2ncia com utiliza\u00e7\u00e3o da plataforma Zoom. Dessa forma, todos dever\u00e3o fazer o Download do aplicativo Zoom, no dispositivo que for usado para participar das aulas (celular, notebook, computador de mesa, tablet, etc.)<\/li><li>Antes de qualquer aula os alunos receber\u00e3o o link bastando clicar nele para acessar o ambiente da aula.&nbsp;<\/li><\/ul>","protected":false},"excerpt":{"rendered":"<p>O Programa Avan\u00e7ado de Forma\u00e7\u00e3o e de Supervis\u00e3o \u00e9 direcionado para aqueles profissionais que manifestem interesse em aprofundar o conhecimento sobre a Teoria Sociol\u00f3gica da Personalidade e sobre a Psiquiatria Sociol\u00f3gica. Esse Programa n\u00e3o \u00e9 de acesso gratuito, devendo os interessados se associarem ao CEPAS. O Programa articula a atividade de forma\u00e7\u00e3o com a de [&hellip;]<\/p>\n","protected":false},"author":8,"featured_media":0,"parent":0,"menu_order":0,"comment_status":"closed","ping_status":"closed","template":"","meta":{"footnotes":""},"categories":[],"tags":[],"class_list":["post-835","page","type-page","status-publish","hentry"],"_links":{"self":[{"href":"https:\/\/anibalsilveira.org\/fr\/wp-json\/wp\/v2\/pages\/835","targetHints":{"allow":["GET"]}}],"collection":[{"href":"https:\/\/anibalsilveira.org\/fr\/wp-json\/wp\/v2\/pages"}],"about":[{"href":"https:\/\/anibalsilveira.org\/fr\/wp-json\/wp\/v2\/types\/page"}],"author":[{"embeddable":true,"href":"https:\/\/anibalsilveira.org\/fr\/wp-json\/wp\/v2\/users\/8"}],"replies":[{"embeddable":true,"href":"https:\/\/anibalsilveira.org\/fr\/wp-json\/wp\/v2\/comments?post=835"}],"version-history":[{"count":4,"href":"https:\/\/anibalsilveira.org\/fr\/wp-json\/wp\/v2\/pages\/835\/revisions"}],"predecessor-version":[{"id":1296,"href":"https:\/\/anibalsilveira.org\/fr\/wp-json\/wp\/v2\/pages\/835\/revisions\/1296"}],"wp:attachment":[{"href":"https:\/\/anibalsilveira.org\/fr\/wp-json\/wp\/v2\/media?parent=835"}],"wp:term":[{"taxonomy":"category","embeddable":true,"href":"https:\/\/anibalsilveira.org\/fr\/wp-json\/wp\/v2\/categories?post=835"},{"taxonomy":"post_tag","embeddable":true,"href":"https:\/\/anibalsilveira.org\/fr\/wp-json\/wp\/v2\/tags?post=835"}],"curies":[{"name":"wp","href":"https:\/\/api.w.org\/{rel}","templated":true}]}}