{"id":883,"date":"2024-02-05T20:28:00","date_gmt":"2024-02-05T23:28:00","guid":{"rendered":"https:\/\/anibalsilveira.org\/?page_id=883"},"modified":"2024-04-28T17:25:05","modified_gmt":"2024-04-28T20:25:05","slug":"teoria-da-personalidade-de-comte","status":"publish","type":"page","link":"https:\/\/anibalsilveira.org\/fr\/teoria-da-personalidade-de-comte\/","title":{"rendered":"Teoria da Personalidade de Comte"},"content":{"rendered":"<h5 class=\"has-text-align-center wp-block-heading\"><strong>PRECEITOS DOUTRIN\u00c1RIOS INTRODUT\u00d3RIOS DA TEORIA DA PERSONALIDADE DE COMTE<\/strong>\u00b9<\/h5>\n\n\n\n<p><strong><em>Teoria<\/em><\/strong> \u00e9 um conjunto de normas para explicar uma s\u00e9rie de fen\u00f4menos.<\/p>\n\n\n\n<p><strong><em>Postulado<\/em><\/strong> \u00e9 uma parte da teoria. A partir dele se desenvolve a teoria a ser demonstrada. \u00c9 um pedido para que se acredite no que ele coloca.<\/p>\n\n\n\n<p><strong><em>Hip\u00f3tese<\/em><\/strong> \u00e9 uma tese ou teoria que depende ainda de demonstra\u00e7\u00e3o.&nbsp;<\/p>\n\n\n\n<p><strong><em>Axioma<\/em><\/strong> (ax = agir) \u2013 \u00e9 o que se admite como coisa estabelecida.&nbsp;<\/p>\n\n\n\n<p><strong><em>Lei<\/em><\/strong> \u00e9 uma rela\u00e7\u00e3o constante entre os fen\u00f4menos. Ela se aplica a um conjunto e est\u00e1 sempre ligada a um car\u00e1ter de previs\u00e3o. A lei procura encontrar a const\u00e2ncia nas variedades. Se a lei for provada passa ser um axioma.<\/p>\n\n\n\n<p><strong><em>Ci\u00eancia<\/em><\/strong> \u00e9 um conjunto de leis relativas a um dado fen\u00f4meno.<\/p>\n\n\n\n<p><strong><em>Raz\u00e3o<\/em><\/strong> \u00e9 um racioc\u00ednio l\u00f3gico. Pode ser dividida em te\u00f3rica e pr\u00e1tica. A raz\u00e3o te\u00f3rica \u00e9 a formula\u00e7\u00e3o mais geral dos fen\u00f4menos.<\/p>\n\n\n\n<p><strong><em>Filosofia <\/em><\/strong>\u00e9 um conjunto de ci\u00eancias n\u00e3o apenas a descri\u00e7\u00e3o de temas abstratos. A raz\u00e3o te\u00f3rica \u00e9 a filosofia primeira. A raz\u00e3o pr\u00e1tica tem dois aspectos: raz\u00e3o abstrata e raz\u00e3o concreta. Raz\u00e3o abstrata \u00e9 uma formula\u00e7\u00e3o geral em grau menos diferenciado. \u00c9 o conjunto de leis particulares que rege os fen\u00f4menos diversos, \u00e9 a filosofia segunda. A raz\u00e3o concreta \u00e9 a aplica\u00e7\u00e3o concreta das leis, aplica\u00e7\u00e3o de conhecimentos cient\u00edficos. S\u00e3o casos individuais e, portanto, n\u00e3o chegam a formar leis. Seria a filosofia terceira. A fisiologia, a anatomia, a antropologia e ci\u00eancias m\u00e9dicas s\u00e3o exemplos da filosofia terceira.&nbsp;A <strong><em>Moral<\/em><\/strong> \u00e9 a ci\u00eancia do homem da qual a psicologia \u00e9 uma aplica\u00e7\u00e3o. Quando se fundou a Moral estabeleceram-se, ent\u00e3o, as leis da mente humana. Foi a\u00ed, ent\u00e3o, que se completaram as leis da sociologia.<\/p>\n\n\n\n<p>A teoria de Comte \u00e9 a que melhor abrange os aspectos da personalidade, levando em conta aspectos gen\u00e9ricos, partes da estrutura, da embriologia, da frenologia, dos aspectos din\u00e2micos.&nbsp;<\/p>\n\n\n\n<p>Comte estabeleceu uma terminologia bastante simples, n\u00e3o criando termos novos, mas acatando os j\u00e1 existentes, redefinindo os conceitos. Em sociologia (termo criando por ele) criou o termo altru\u00edsmo. Outro aspecto importante da teoria de Comte \u00e9 a aplica\u00e7\u00e3o do crit\u00e9rio anat\u00f4mico ou estrutural.&nbsp;<\/p>\n\n\n\n<p>Quando Freud falou em id, ego e superego, criou conceitos puramente abstratos que n\u00e3o se aplicam a nenhum aspecto cerebral, enquanto Comte procurou relacionar as fun\u00e7\u00f5es cerebrais como parte do sistema nervoso. Na patologia vamos encontrar o mesmo entrela\u00e7amento dos fen\u00f4menos, podendo-se partir do patol\u00f3gico para o normal ou vice-versa.<\/p>\n\n\n\n<p>Quando Freud em 1893 demonstrou que o instinto sexual \u00e9 inato, Comte j\u00e1 havia dito isto, em 1850, em rela\u00e7\u00e3o a todos os instintos. Enquanto a teoria de Freud e de von Monakow n\u00e3o se aplicam a todos os casos, isso \u00e9 poss\u00edvel na teoria de Comte.&nbsp;<\/p>\n\n\n\n<p>Comte estabeleceu tr\u00eas inst\u00e2ncias da personalidade: Intelig\u00eancia, Atividade (Cona\u00e7\u00e3o) e Afetividade. Essas esferas interagem umas sobre as outras, mas a atividade n\u00e3o age sobre a afetividade (Esquema 1). Essas tr\u00eas esferas coexistem ao nascer e entram em fun\u00e7\u00e3o desde o in\u00edcio da vida ps\u00edquica, constituindo-se num todo.&nbsp;<\/p>\n\n\n\n<p>A afetividade constitui o n\u00facleo b\u00e1sico; sem seu funcionamento n\u00e3o poderia haver vida ps\u00edquica. Caso haja perda da atividade, o indiv\u00edduo perde o contato com o mundo exterior, mas n\u00e3o conseguir\u00e1 sobreviver se perder a afetividade, na qual se engloba, por exemplo, o instinto de nutri\u00e7\u00e3o. Cada uma dessas esferas \u00e9 inata e tem uma estrutura pr\u00f3pria.<\/p>\n\n\n\n<h5 class=\"has-text-align-center wp-block-heading\"><strong>Esquema 1 -Intera\u00e7\u00e3o entre as v\u00e1rias esferas da personalidade (Comte-Silveira, 1978)<\/strong><\/h5>\n\n\n<div class=\"wp-block-image\">\n<figure class=\"aligncenter size-full\"><img loading=\"lazy\" decoding=\"async\" width=\"994\" height=\"251\" src=\"https:\/\/anibalsilveira.org\/wp-content\/uploads\/2024\/02\/2024-02-05-2.png\" alt=\"\" class=\"wp-image-893\" srcset=\"https:\/\/anibalsilveira.org\/wp-content\/uploads\/2024\/02\/2024-02-05-2.png 994w, https:\/\/anibalsilveira.org\/wp-content\/uploads\/2024\/02\/2024-02-05-2-300x76.png 300w, https:\/\/anibalsilveira.org\/wp-content\/uploads\/2024\/02\/2024-02-05-2-768x194.png 768w, https:\/\/anibalsilveira.org\/wp-content\/uploads\/2024\/02\/2024-02-05-2-18x5.png 18w\" sizes=\"auto, (max-width: 994px) 100vw, 994px\" \/><\/figure>\n<\/div>\n\n\n<h5 class=\"has-text-align-center wp-block-heading\">Esquema 2 \u2013 Esferas da Personalidade e fun\u00e7\u00f5es ps\u00edquicas<\/h5>\n\n\n<div class=\"wp-block-image\">\n<figure class=\"aligncenter size-full is-resized\"><img loading=\"lazy\" decoding=\"async\" src=\"https:\/\/anibalsilveira.org\/wp-content\/uploads\/2024\/02\/2024-02-05-3.png\" alt=\"\" class=\"wp-image-894\" width=\"610\" height=\"281\" srcset=\"https:\/\/anibalsilveira.org\/wp-content\/uploads\/2024\/02\/2024-02-05-3.png 985w, https:\/\/anibalsilveira.org\/wp-content\/uploads\/2024\/02\/2024-02-05-3-300x139.png 300w, https:\/\/anibalsilveira.org\/wp-content\/uploads\/2024\/02\/2024-02-05-3-768x355.png 768w, https:\/\/anibalsilveira.org\/wp-content\/uploads\/2024\/02\/2024-02-05-3-18x8.png 18w\" sizes=\"auto, (max-width: 610px) 100vw, 610px\" \/><\/figure>\n<\/div>\n\n\n<h5 class=\"has-text-align-center wp-block-heading\">Esquema 3 \u2013 Estrutura e Din\u00e2mica da Personalidade.<\/h5>\n\n\n\n<p><\/p>\n\n\n\n<p><strong>(Revis\u00e3o em 29-3-1968, posteriormente \u00e0 adapta\u00e7\u00e3o da esquematiza\u00e7\u00e3o em 17\/03\/1968, publicado no livro de Lucia Coelho \u2013 Epilepsia e Personalidade \u2013 S\u00e3o Paulo, Editora \u00c1tica, 1980)<\/strong><\/p>\n\n\n\n<h6 class=\"has-text-align-left wp-block-heading\"><sub><sup>&nbsp;\u00b9Texto organizado por Roberto Fasano, em 2003, a partir de aula proferida por An\u00edbal Silveira, em 12 de mar\u00e7o de 1969 sem refer\u00eancia a local ou de quem a compilou. Revisto em 24\/01\/22 por integrantes da Comiss\u00e3o de Revis\u00e3o do CEPAS: Flavio Vivacqua, Francisco Drumond de Moura, Paulo Palladini e Roberto Fasano.<\/sup><\/sub><\/h6>","protected":false},"excerpt":{"rendered":"<p>PRECEITOS DOUTRIN\u00c1RIOS INTRODUT\u00d3RIOS DA TEORIA DA PERSONALIDADE DE COMTE\u00b9 Teoria \u00e9 um conjunto de normas para explicar uma s\u00e9rie de fen\u00f4menos. Postulado \u00e9 uma parte da teoria. A partir dele se desenvolve a teoria a ser demonstrada. \u00c9 um pedido para que se acredite no que ele coloca. Hip\u00f3tese \u00e9 uma tese ou teoria que [&hellip;]<\/p>\n","protected":false},"author":8,"featured_media":0,"parent":0,"menu_order":0,"comment_status":"closed","ping_status":"closed","template":"","meta":{"footnotes":""},"categories":[],"tags":[],"class_list":["post-883","page","type-page","status-publish","hentry"],"_links":{"self":[{"href":"https:\/\/anibalsilveira.org\/fr\/wp-json\/wp\/v2\/pages\/883","targetHints":{"allow":["GET"]}}],"collection":[{"href":"https:\/\/anibalsilveira.org\/fr\/wp-json\/wp\/v2\/pages"}],"about":[{"href":"https:\/\/anibalsilveira.org\/fr\/wp-json\/wp\/v2\/types\/page"}],"author":[{"embeddable":true,"href":"https:\/\/anibalsilveira.org\/fr\/wp-json\/wp\/v2\/users\/8"}],"replies":[{"embeddable":true,"href":"https:\/\/anibalsilveira.org\/fr\/wp-json\/wp\/v2\/comments?post=883"}],"version-history":[{"count":6,"href":"https:\/\/anibalsilveira.org\/fr\/wp-json\/wp\/v2\/pages\/883\/revisions"}],"predecessor-version":[{"id":2036,"href":"https:\/\/anibalsilveira.org\/fr\/wp-json\/wp\/v2\/pages\/883\/revisions\/2036"}],"wp:attachment":[{"href":"https:\/\/anibalsilveira.org\/fr\/wp-json\/wp\/v2\/media?parent=883"}],"wp:term":[{"taxonomy":"category","embeddable":true,"href":"https:\/\/anibalsilveira.org\/fr\/wp-json\/wp\/v2\/categories?post=883"},{"taxonomy":"post_tag","embeddable":true,"href":"https:\/\/anibalsilveira.org\/fr\/wp-json\/wp\/v2\/tags?post=883"}],"curies":[{"name":"wp","href":"https:\/\/api.w.org\/{rel}","templated":true}]}}